{"id":136,"date":"2019-11-14T08:55:19","date_gmt":"2019-11-14T08:55:19","guid":{"rendered":"https:\/\/shtheme.info\/demosd\/transpixwp\/?page_id=136"},"modified":"2024-05-29T10:36:00","modified_gmt":"2024-05-29T07:36:00","slug":"hakkimizda","status":"publish","type":"page","link":"https:\/\/kozatrans.com\/en\/?page_id=136","title":{"rendered":"About Us"},"content":{"rendered":"\t\t<div data-elementor-type=\"wp-post\" data-elementor-id=\"136\" class=\"elementor elementor-136\">\n\t\t\t\t\t\t<section class=\"elementor-section elementor-top-section elementor-element elementor-element-a541cdb elementor-section-full_width elementor-section-height-default elementor-section-height-default\" data-id=\"a541cdb\" data-element_type=\"section\">\n\t\t\t\t\t\t<div class=\"elementor-container elementor-column-gap-default\">\n\t\t\t\t\t<div class=\"elementor-column elementor-col-100 elementor-top-column elementor-element elementor-element-da95bfb\" data-id=\"da95bfb\" data-element_type=\"column\">\n\t\t\t<div class=\"elementor-widget-wrap elementor-element-populated\">\n\t\t\t\t\t\t<div class=\"elementor-element elementor-element-ca12eb6 elementor-align-left elementor-widget elementor-widget-bdevs-banner\" data-id=\"ca12eb6\" data-element_type=\"widget\" data-widget_type=\"bdevs-banner.default\">\n\t\t\t\t<div class=\"elementor-widget-container\">\n\t\t\t\t<div class=\"breadcrumb-area about-breadcrumb-bg\" style=\"background-image: url(https:\/\/kozatrans.com\/wp-content\/uploads\/2024\/05\/lojistik-sektoru-bulutlu.jpg);\">\n         <div class=\"container\">\n            <div class=\"row\">\n               <div class=\"col-lg-7\">\n                  <div class=\"breadcrumb-txt\">\n                  \t                                         <h1>About Us<\/h1>\n                                                             <nav aria-label=\"breadcrumb\">\n                        <ol class=\"breadcrumb\">\n                           <li class=\"breadcrumb-item\"><a href=\"https:\/\/kozatrans.com\/en\/\">Corporate<\/a><\/li>\n                           <li class=\"breadcrumb-item active\" aria-current=\"page\">About Us<\/li>\n                        <\/ol>\n                     <\/nav>\n                                      <\/div>\n               <\/div>\n            <\/div>\n         <\/div>\n         <div class=\"breadcrumb-overlay\"><\/div>\n    <\/div>\n\t\t\t<\/div>\n\t\t\t\t<\/div>\n\t\t\t\t\t<\/div>\n\t\t<\/div>\n\t\t\t\t\t<\/div>\n\t\t<\/section>\n\t\t\t\t<section class=\"elementor-section elementor-top-section elementor-element elementor-element-9a8f251 elementor-section-boxed elementor-section-height-default elementor-section-height-default\" data-id=\"9a8f251\" data-element_type=\"section\">\n\t\t\t\t\t\t<div class=\"elementor-container elementor-column-gap-default\">\n\t\t\t\t\t<div class=\"elementor-column elementor-col-100 elementor-top-column elementor-element elementor-element-82d05da\" data-id=\"82d05da\" data-element_type=\"column\">\n\t\t\t<div class=\"elementor-widget-wrap elementor-element-populated\">\n\t\t\t\t\t\t<div class=\"elementor-element elementor-element-e8bacf8 elementor-align-left elementor-widget elementor-widget-bdevs-about\" data-id=\"e8bacf8\" data-element_type=\"widget\" data-widget_type=\"bdevs-about.default\">\n\t\t\t\t<div class=\"elementor-widget-container\">\n\t\t\t\t\t\t      <div class=\"about-section about\">\n\t         <div class=\"container\">\n\t            <div class=\"row\">\n\t               <div class=\"col-xl-5 col-lg-6\">\n\t                  <div class=\"outer\">\n\t                     <div class=\"inner\">\n\t                        <div class=\"about-txt\">\n\t                        \t\t\t\t                    \t\t\t                    \t\t\t                    <p>Koza provides complete, partial, 3rd country and suspended textile transportation services in Greece, Serbia, Bosnia-Herzegovina, Croatia, Bulgaria and other Balkan lines, especially in Greece, Serbia, Bosnia-Herzegovina, Croatia and other Balkan countries with more than 20 years of experience as a member of UND and holder of L-2 and TIO authorization certificate in the field of international road transportation.<\/p><p>As Koza International Transportation, we offer the opportunity to transport your partial loads with appropriate freight rates with our warehouse located in B\u00fcy\u00fck\u00e7ekmece, the logistics center of Istanbul. We offer partial and complete transportation services from our warehouse in Istanbul or from your production sites with our fleet that we renew and expand every day for you. We are proud to be your reliable partner with our expert staff, widespread agency network, large fleet, transport authorization certificates and comprehensive CMR insurance.<\/p>\t\t\t                    \t                           \t<img decoding=\"async\" src=\"\" alt=\"\">\n\t                           \t\t\t                       \t\t                        <\/div>\n\t                     <\/div>\n\t                  <\/div>\n\t               <\/div>\n\t               <div class=\"col-xl-6 offset-xl-1 col-lg-6\">\n\t                  <div class=\"about-right-bg\" style=\"background-image: url(https:\/\/kozatrans.com\/wp-content\/uploads\/2024\/05\/theme_image_24-1.jpg);\">\n\t                  <\/div>\n\t               <\/div>\n\t            <\/div>\n\t            <div class=\"targets\">\n\t               <div class=\"row\">\n               \t\t\t               <\/div>\n\t            <\/div>\n\t         <\/div>\n\t      <\/div>\n    \t  \t\t\t<\/div>\n\t\t\t\t<\/div>\n\t\t\t\t<div class=\"elementor-element elementor-element-5f9a0e4 elementor-widget elementor-widget-html\" data-id=\"5f9a0e4\" data-element_type=\"widget\" data-widget_type=\"html.default\">\n\t\t\t\t<div class=\"elementor-widget-container\">\n\t\t\t<div class=\"targets\">\n\t               <div class=\"row\">\n               \t\t\t                  <div class=\"col-lg-6\">\n\t                     <div class=\"box wow fadeInUp\" data-wow-duration=\"1s\" data-wow-delay=\".2s\" style=\"visibility: visible;animation-duration: 1s;animation-delay: 0.2s;animation-name: fadeInUp;min-height: 327px;\">\n\t                        <div class=\"icon-wrapper\"><i class=\"flaticon-external-link-square-with-an-arrow-in-right-diagonal\"><\/i><\/div>\n\t                        <div class=\"box-details\">\n\t                           <h4>OUR MISSION<\/h4>\n\t                           <p>We strive to facilitate the logistics processes of our customers by meeting their needs at the highest level. With our high quality service understanding, we aim to maximize customer satisfaction by providing reliable and timely deliveries.<\/p>\n\t                        <\/div>\n\t                     <\/div>\n\t                  <\/div>\n\t                \t                  <div class=\"col-lg-6\">\n\t                     <div class=\"box wow fadeInUp\" data-wow-duration=\"1s\" data-wow-delay=\".2s\" style=\"visibility: visible; animation-duration: 1s; animation-delay: 0.2s; animation-name: fadeInUp;\">\n\t                        <div class=\"icon-wrapper\"><i class=\"flaticon-check\"><\/i><\/div>\n\t                        <div class=\"box-details\">\n\t                           <h4>OUR VISION<\/h4>\n\t                           <p>We are improving ourselves every day to become a leading logistics company worldwide by offering reliable, high quality and innovative transportation solutions to our customers. We continue to follow the changing and developing technology in order to maintain our leading position in the sector and to keep the service quality we provide at the highest level.<\/p>\n\t                        <\/div>\n\t                     <\/div>\n\t                  <\/div>\n\t                \t               <\/div>\n\t            <\/div>\t\t<\/div>\n\t\t\t\t<\/div>\n\t\t\t\t\t<\/div>\n\t\t<\/div>\n\t\t\t\t\t<\/div>\n\t\t<\/section>\n\t\t\t\t<section class=\"elementor-section elementor-top-section elementor-element elementor-element-d623bea elementor-section-full_width elementor-section-height-default elementor-section-height-default\" data-id=\"d623bea\" data-element_type=\"section\">\n\t\t\t\t\t\t<div class=\"elementor-container elementor-column-gap-default\">\n\t\t\t\t\t<div class=\"elementor-column elementor-col-100 elementor-top-column elementor-element elementor-element-d244d31\" data-id=\"d244d31\" data-element_type=\"column\">\n\t\t\t<div class=\"elementor-widget-wrap elementor-element-populated\">\n\t\t\t\t\t\t<div class=\"elementor-element elementor-element-01a18d1 elementor-align-left elementor-widget elementor-widget-bdevs-features\" data-id=\"01a18d1\" data-element_type=\"widget\" data-widget_type=\"bdevs-features.default\">\n\t\t\t\t<div class=\"elementor-widget-container\">\n\t\t\t\t\t\t      <div class=\"features-section home-2 border-bottom\">\n\t         <div class=\"container\">\n\t            <div class=\"row feature-content\">\n\t               <div class=\"col-xl-5 offset-xl-7 col-lg-6 offset-lg-6 pr-0\">\n\t                  <div class=\"features\">\n\t                    \t                    \t                     <h2 class=\"subtitle\">WHY CHOOSE US?<\/h2>\n\t                    \t                    <div class=\"feature-lists\">\n\t                     \t\t                        <div class=\"single-feature wow fadeInUp\" data-wow-duration=\"1s\" data-wow-delay=\"0s\">\n\t                           <div class=\"icon-wrapper\">\n\t                           \t\t                           \t\t<i class=\"flaticon-delivery-truck\"><\/i>\n\t                           \t\t                           <\/div>\n\t                           <div class=\"feature-details\">\n\t                           \t\t                              <h4>EXPERTISE AND EXPERIENCE<\/h4>\n\t                            \t                            \t                              <p>We offer solutions for all your international transportation needs with our expert and experienced team members. With our knowledge and competence in the sector, we embrace your business as much as you do. <\/p>\n\t                            \t                           <\/div>\n\t                        <\/div>\n\t                        \t                        <div class=\"single-feature wow fadeInUp\" data-wow-duration=\"1s\" data-wow-delay=\".2s\">\n\t                           <div class=\"icon-wrapper\">\n\t                           \t\t                           \t\t<i class=\"flaticon-send\"><\/i>\n\t                           \t\t                           <\/div>\n\t                           <div class=\"feature-details\">\n\t                           \t\t                              <h4>CUSTOMER-ORIENTED SERVICE<\/h4>\n\t                            \t                            \t                              <p>With our customer satisfaction-oriented approach, we act with the awareness that every customer is special and valuable. Listening to you will always be our main goal in order to provide the most suitable solutions for your needs. <\/p>\n\t                            \t                           <\/div>\n\t                        <\/div>\n\t                        \t                        <div class=\"single-feature wow fadeInUp\" data-wow-duration=\"1s\" data-wow-delay=\".4s\">\n\t                           <div class=\"icon-wrapper\">\n\t                           \t\t                           \t\t<i class=\"flaticon-package\"><\/i>\n\t                           \t\t                           <\/div>\n\t                           <div class=\"feature-details\">\n\t                           \t\t                              <h4>COMPETITIVE PRICES AND QUALITY BALANCE<\/h4>\n\t                            \t                            \t                              <p>We are working to offer you a pleasant business partnership while aiming to help your budget by offering quality service together with our competitive prices. <\/p>\n\t                            \t                           <\/div>\n\t                        <\/div>\n\t                        \t                    <\/div>\n\t                  <\/div>\n\t               <\/div>\n\t            <\/div>\n\t         <\/div>\n\t      <\/div>\n\t      \t\t\t<\/div>\n\t\t\t\t<\/div>\n\t\t\t\t\t<\/div>\n\t\t<\/div>\n\t\t\t\t\t<\/div>\n\t\t<\/section>\n\t\t\t\t<\/div>\n\t\t","protected":false},"excerpt":{"rendered":"<p>About Us Corporate About Us Koza provides complete, partial, 3rd country and suspended textile transportation services in Greece, Serbia, Bosnia-Herzegovina, Croatia, Bulgaria and other Balkan lines, especially in Greece, Serbia, Bosnia-Herzegovina, Croatia and other Balkan countries with more than 20 years of experience as a member of UND and holder of L-2 and TIO authorization [&hellip;]<\/p>\n","protected":false},"author":1,"featured_media":0,"parent":0,"menu_order":0,"comment_status":"closed","ping_status":"closed","template":"page-templates\/home-3.php","meta":{"inline_featured_image":false,"footnotes":""},"class_list":["post-136","page","type-page","status-publish","hentry"],"_links":{"self":[{"href":"https:\/\/kozatrans.com\/en\/index.php?rest_route=\/wp\/v2\/pages\/136","targetHints":{"allow":["GET"]}}],"collection":[{"href":"https:\/\/kozatrans.com\/en\/index.php?rest_route=\/wp\/v2\/pages"}],"about":[{"href":"https:\/\/kozatrans.com\/en\/index.php?rest_route=\/wp\/v2\/types\/page"}],"author":[{"embeddable":true,"href":"https:\/\/kozatrans.com\/en\/index.php?rest_route=\/wp\/v2\/users\/1"}],"replies":[{"embeddable":true,"href":"https:\/\/kozatrans.com\/en\/index.php?rest_route=%2Fwp%2Fv2%2Fcomments&post=136"}],"version-history":[{"count":54,"href":"https:\/\/kozatrans.com\/en\/index.php?rest_route=\/wp\/v2\/pages\/136\/revisions"}],"predecessor-version":[{"id":1667,"href":"https:\/\/kozatrans.com\/en\/index.php?rest_route=\/wp\/v2\/pages\/136\/revisions\/1667"}],"wp:attachment":[{"href":"https:\/\/kozatrans.com\/en\/index.php?rest_route=%2Fwp%2Fv2%2Fmedia&parent=136"}],"curies":[{"name":"wp","href":"https:\/\/api.w.org\/{rel}","templated":true}]}}