{"id":139,"date":"2019-11-14T09:05:56","date_gmt":"2019-11-14T09:05:56","guid":{"rendered":"https:\/\/shtheme.info\/demosd\/transpixwp\/?page_id=139"},"modified":"2024-05-29T13:05:10","modified_gmt":"2024-05-29T10:05:10","slug":"iletisim","status":"publish","type":"page","link":"https:\/\/kozatrans.com\/en\/?page_id=139","title":{"rendered":"Contact Us"},"content":{"rendered":"\t\t<div data-elementor-type=\"wp-post\" data-elementor-id=\"139\" class=\"elementor elementor-139\">\n\t\t\t\t\t\t<section class=\"elementor-section elementor-top-section elementor-element elementor-element-159d33a elementor-section-full_width elementor-section-height-default elementor-section-height-default\" data-id=\"159d33a\" data-element_type=\"section\">\n\t\t\t\t\t\t<div class=\"elementor-container elementor-column-gap-default\">\n\t\t\t\t\t<div class=\"elementor-column elementor-col-100 elementor-top-column elementor-element elementor-element-4d4ade2\" data-id=\"4d4ade2\" data-element_type=\"column\">\n\t\t\t<div class=\"elementor-widget-wrap elementor-element-populated\">\n\t\t\t\t\t\t<div class=\"elementor-element elementor-element-8b4df3a elementor-align-left elementor-widget elementor-widget-bdevs-banner\" data-id=\"8b4df3a\" data-element_type=\"widget\" data-widget_type=\"bdevs-banner.default\">\n\t\t\t\t<div class=\"elementor-widget-container\">\n\t\t\t\t<div class=\"breadcrumb-area about-breadcrumb-bg\" style=\"background-image: url(https:\/\/shtheme.info\/demosd\/transpixwp\/wp-content\/uploads\/2019\/12\/breadcrumb.jpg);\">\n         <div class=\"container\">\n            <div class=\"row\">\n               <div class=\"col-lg-7\">\n                  <div class=\"breadcrumb-txt\">\n                  \t                                         <h1>Contact Us<\/h1>\n                                                             <nav aria-label=\"breadcrumb\">\n                        <ol class=\"breadcrumb\">\n                           <li class=\"breadcrumb-item\"><a href=\"https:\/\/kozatrans.com\/en\/\">Home Page<\/a><\/li>\n                           <li class=\"breadcrumb-item active\" aria-current=\"page\">Contact Us<\/li>\n                        <\/ol>\n                     <\/nav>\n                                      <\/div>\n               <\/div>\n            <\/div>\n         <\/div>\n         <div class=\"breadcrumb-overlay\"><\/div>\n    <\/div>\n\t\t\t<\/div>\n\t\t\t\t<\/div>\n\t\t\t\t\t<\/div>\n\t\t<\/div>\n\t\t\t\t\t<\/div>\n\t\t<\/section>\n\t\t\t\t<section class=\"elementor-section elementor-top-section elementor-element elementor-element-dd1b7a8 elementor-section-boxed elementor-section-height-default elementor-section-height-default\" data-id=\"dd1b7a8\" data-element_type=\"section\">\n\t\t\t\t\t\t<div class=\"elementor-container elementor-column-gap-default\">\n\t\t\t\t\t<div class=\"elementor-column elementor-col-50 elementor-top-column elementor-element elementor-element-b5e3aec\" data-id=\"b5e3aec\" data-element_type=\"column\">\n\t\t\t<div class=\"elementor-widget-wrap elementor-element-populated\">\n\t\t\t\t\t\t<div class=\"elementor-element elementor-element-6c8ab7f elementor-widget elementor-widget-html\" data-id=\"6c8ab7f\" data-element_type=\"widget\" data-widget_type=\"html.default\">\n\t\t\t\t<div class=\"elementor-widget-container\">\n\t\t\t<div class=\"contact-yeni\">\n<h2 class=\"subtitle\" style=\"margin-top: 40px;margin-left: 66px;margin-bottom: 63px;\">OFFICE<\/h2>\n<div class=\"contact-section\" style=\"padding:0px;\">\n\t<div class=\"container\">\n\t\t<div class=\"contact-infos\">\n\t\t\t<div class=\"col-lg-12 single-info-col\">\n    \t\t\t<div class=\"single-info wow fadeInRight\" data-wow-duration=\"1s\" data-wow-delay=\".2s\" style=\"visibility: visible; animation-duration: 1s; animation-delay: 0.2s; animation-name: fadeInRight;\">\n\t\t\t\t<div class=\"icon-wrapper\"><i class=\"flaticon-placeholder\"><\/i><\/div>\n\t\t\t\t<p>\u0130n\u00f6n\u00fc Mah. Muammer Aksoy Cad. Tilkici T\u0131r Tesisleri No:100\/C34295 Sefak\u00f6y\/ \u0130stanbul\/ T\u00fcrkiye<\/p>\n\t\t\t\t<\/div>\n\t\t\t<\/div>\n\t\t\t<div class=\"col-lg-12 single-info-col\">\n    \t\t\t<div class=\"single-info wow fadeInRight\" data-wow-duration=\"1s\" data-wow-delay=\".2s\" style=\"visibility: visible; animation-duration: 1s; animation-delay: 0.2s; animation-name: fadeInRight;\">\n\t\t\t\t<div class=\"icon-wrapper\"><i class=\"fas fa-phone\"><\/i><\/div>\n\t\t\t\t<p>0 (212) 495 43 10<\/p>\n\t\t\t\t<\/div>\n\t\t\t<\/div>\n\t\t\t<div class=\"col-lg-12 single-info-col\">\n    \t\t\t<div class=\"single-info wow fadeInRight\" data-wow-duration=\"1s\" data-wow-delay=\".2s\" style=\"visibility: visible; animation-duration: 1s; animation-delay: 0.2s; animation-name: fadeInRight;\">\n\t\t\t\t<div class=\"icon-wrapper\"><i class=\"fa fa-fax\"><\/i><\/div>\n\t\t\t\t<p>0 (212) 495 43 11<\/p>\n\t\t\t\t<\/div>\n\t\t\t<\/div>\n\t\t\t<div class=\"col-lg-12 single-info-col\">\n    \t\t\t<div class=\"single-info wow fadeInRight\" data-wow-duration=\"1s\" data-wow-delay=\".2s\" style=\"visibility: visible; animation-duration: 1s; animation-delay: 0.2s; animation-name: fadeInRight;\">\n\t\t\t\t<div class=\"icon-wrapper\"><i class=\"far fa-envelope\"><\/i><\/div>\n\t\t\t\t<p>info@kozatrans.com<\/p>\n\t\t\t\t<\/div>\n\t\t\t<\/div>\n\t\t<\/div>\n\t<\/div>\n<\/div>\n<\/div>\t\t<\/div>\n\t\t\t\t<\/div>\n\t\t\t\t\t<\/div>\n\t\t<\/div>\n\t\t\t\t<div class=\"elementor-column elementor-col-50 elementor-top-column elementor-element elementor-element-b104d6f\" data-id=\"b104d6f\" data-element_type=\"column\">\n\t\t\t<div class=\"elementor-widget-wrap elementor-element-populated\">\n\t\t\t\t\t\t<div class=\"elementor-element elementor-element-ee5961d elementor-widget elementor-widget-google_maps\" data-id=\"ee5961d\" data-element_type=\"widget\" data-widget_type=\"google_maps.default\">\n\t\t\t\t<div class=\"elementor-widget-container\">\n\t\t\t\t\t<div class=\"elementor-custom-embed\">\n\t\t\t<iframe loading=\"lazy\"\n\t\t\t\t\tsrc=\"https:\/\/maps.google.com\/maps?q=Koza%20Uluslararas%C4%B1%20Ta%C5%9F%C4%B1mac%C4%B1l%C4%B1k&#038;t=m&#038;z=10&#038;output=embed&#038;iwloc=near\"\n\t\t\t\t\ttitle=\"Koza Uluslararas\u0131 Ta\u015f\u0131mac\u0131l\u0131k\"\n\t\t\t\t\taria-label=\"Koza Uluslararas\u0131 Ta\u015f\u0131mac\u0131l\u0131k\"\n\t\t\t><\/iframe>\n\t\t<\/div>\n\t\t\t\t<\/div>\n\t\t\t\t<\/div>\n\t\t\t\t\t<\/div>\n\t\t<\/div>\n\t\t\t\t\t<\/div>\n\t\t<\/section>\n\t\t\t\t<section class=\"elementor-section elementor-top-section elementor-element elementor-element-d8982c9 elementor-section-boxed elementor-section-height-default elementor-section-height-default\" data-id=\"d8982c9\" data-element_type=\"section\">\n\t\t\t\t\t\t<div class=\"elementor-container elementor-column-gap-default\">\n\t\t\t\t\t<div class=\"elementor-column elementor-col-50 elementor-top-column elementor-element elementor-element-fca2866\" data-id=\"fca2866\" data-element_type=\"column\">\n\t\t\t<div class=\"elementor-widget-wrap elementor-element-populated\">\n\t\t\t\t\t\t<div class=\"elementor-element elementor-element-cf9e875 elementor-widget elementor-widget-html\" data-id=\"cf9e875\" data-element_type=\"widget\" data-widget_type=\"html.default\">\n\t\t\t\t<div class=\"elementor-widget-container\">\n\t\t\t<div class=\"contact-yeni\">\n<h2 class=\"subtitle\" style=\"margin-top: 40px;margin-left: 66px;margin-bottom: 63px;\">WAREHOUSE<\/h2>\n<div class=\"contact-section\" style=\"padding:0px;\">\n\t<div class=\"container\">\n\t\t<div class=\"contact-infos\">\n\t\t\t<div class=\"col-lg-12 single-info-col\">\n    \t\t\t<div class=\"single-info wow fadeInRight\" data-wow-duration=\"1s\" data-wow-delay=\".2s\" style=\"visibility: visible; animation-duration: 1s; animation-delay: 0.2s; animation-name: fadeInRight;\">\n\t\t\t\t<div class=\"icon-wrapper\"><i class=\"flaticon-placeholder\"><\/i><\/div>\n\t\t\t\t<p>H\u00fcrriyet Mah. \u00c7atalca Yolu Cad. Menek\u015fe Mevki No:422\/134537 B\u00fcy\u00fck\u00e7ekmece\/\u0130stanbul\/T\u00fcrkiye<\/p>\n\t\t\t\t<\/div>\n\t\t\t<\/div>\n\t\t\t<div class=\"col-lg-12 single-info-col\">\n    \t\t\t<div class=\"single-info wow fadeInRight\" data-wow-duration=\"1s\" data-wow-delay=\".2s\" style=\"visibility: visible; animation-duration: 1s; animation-delay: 0.2s; animation-name: fadeInRight;\">\n\t\t\t\t<div class=\"icon-wrapper\"><i class=\"fab fa-whatsapp\"><\/i><\/i><\/div>\n\t\t\t\t<p>0 (538) 440 54 44<\/p>\n\t\t\t\t<\/div>\n\t\t\t<\/div>\n\t\t\t<div class=\"col-lg-12 single-info-col\">\n    \t\t\t<div class=\"single-info wow fadeInRight\" data-wow-duration=\"1s\" data-wow-delay=\".2s\" style=\"visibility: visible; animation-duration: 1s; animation-delay: 0.2s; animation-name: fadeInRight;\">\n\t\t\t\t<div class=\"icon-wrapper\"><i class=\"fas fa-phone\"><\/i><\/div>\n\t\t\t\t<p>Depo G\u00f6revlisi - Temel YILMAZ: 0 (532) 504 60 70<\/p>\n\t\t\t\t<\/div>\n\t\t\t<\/div>\n\t\t<\/div>\n\t<\/div>\n<\/div>\n<\/div>\t\t<\/div>\n\t\t\t\t<\/div>\n\t\t\t\t\t<\/div>\n\t\t<\/div>\n\t\t\t\t<div class=\"elementor-column elementor-col-50 elementor-top-column elementor-element elementor-element-732a571\" data-id=\"732a571\" data-element_type=\"column\">\n\t\t\t<div class=\"elementor-widget-wrap elementor-element-populated\">\n\t\t\t\t\t\t<div class=\"elementor-element elementor-element-0f65e8a elementor-widget elementor-widget-google_maps\" data-id=\"0f65e8a\" data-element_type=\"widget\" data-widget_type=\"google_maps.default\">\n\t\t\t\t<div class=\"elementor-widget-container\">\n\t\t\t\t\t<div class=\"elementor-custom-embed\">\n\t\t\t<iframe loading=\"lazy\"\n\t\t\t\t\tsrc=\"https:\/\/maps.google.com\/maps?q=Koza%20Uluslararas%C4%B1%20Ta%C5%9F%C4%B1mac%C4%B1l%C4%B1k%20-%20DEPO&#038;t=m&#038;z=10&#038;output=embed&#038;iwloc=near\"\n\t\t\t\t\ttitle=\"Koza Uluslararas\u0131 Ta\u015f\u0131mac\u0131l\u0131k - DEPO\"\n\t\t\t\t\taria-label=\"Koza Uluslararas\u0131 Ta\u015f\u0131mac\u0131l\u0131k - DEPO\"\n\t\t\t><\/iframe>\n\t\t<\/div>\n\t\t\t\t<\/div>\n\t\t\t\t<\/div>\n\t\t\t\t\t<\/div>\n\t\t<\/div>\n\t\t\t\t\t<\/div>\n\t\t<\/section>\n\t\t\t\t<section class=\"elementor-section elementor-top-section elementor-element elementor-element-05da0e7 elementor-section-boxed elementor-section-height-default elementor-section-height-default\" data-id=\"05da0e7\" data-element_type=\"section\">\n\t\t\t\t\t\t<div class=\"elementor-container elementor-column-gap-default\">\n\t\t\t\t\t<div class=\"elementor-column elementor-col-100 elementor-top-column elementor-element elementor-element-085c2cd\" data-id=\"085c2cd\" data-element_type=\"column\">\n\t\t\t<div class=\"elementor-widget-wrap elementor-element-populated\">\n\t\t\t\t\t\t<div class=\"elementor-element elementor-element-c7744bd elementor-align-left elementor-widget elementor-widget-bdevs-contact\" data-id=\"c7744bd\" data-element_type=\"widget\" data-widget_type=\"bdevs-contact.default\">\n\t\t\t\t<div class=\"elementor-widget-container\">\n\t\t\t\t   \t<div class=\"contact-section\">\n\t         <div class=\"container\">\n\t            <!--  contact infos start  -->\n\t            <div class=\"contact-infos\">\n\t               <div class=\"row no-gutters\">\n\t               \t\t               <\/div>\n\t            <\/div>\n\t            <!--  contact infos end  -->\n\t            <!--  contact form and map start  -->\n\t            <div class=\"contact-form-section\">\n\t               <div class=\"row\">\n\t                  <div class=\"col-lg-12\">\n\t                  \t\t                     \t                     <h2 class=\"subtitle\">CONTACT US<\/h2>\n\t                    \t                     \n<div class=\"wpcf7 no-js\" id=\"wpcf7-f666-o1\" lang=\"en-US\" dir=\"ltr\">\n<div class=\"screen-reader-response\"><p role=\"status\" aria-live=\"polite\" aria-atomic=\"true\"><\/p> <ul><\/ul><\/div>\n<form action=\"\/en\/index.php?rest_route=%2Fwp%2Fv2%2Fpages%2F139#wpcf7-f666-o1\" method=\"post\" class=\"wpcf7-form init\" aria-label=\"Contact form\" novalidate=\"novalidate\" data-status=\"init\">\n<div style=\"display: none;\">\n<input type=\"hidden\" name=\"_wpcf7\" value=\"666\" \/>\n<input type=\"hidden\" name=\"_wpcf7_version\" value=\"5.9.5\" \/>\n<input type=\"hidden\" name=\"_wpcf7_locale\" value=\"en_US\" \/>\n<input type=\"hidden\" name=\"_wpcf7_unit_tag\" value=\"wpcf7-f666-o1\" \/>\n<input type=\"hidden\" name=\"_wpcf7_container_post\" value=\"0\" \/>\n<input type=\"hidden\" name=\"_wpcf7_posted_data_hash\" value=\"\" \/>\n<\/div>\n<div>\n\t<div class=\"row\">\n\t\t<div class=\"col-md-6\">\n\t\t\t<div class=\"form-element\">\n\t\t\t\t<p><span class=\"wpcf7-form-control-wrap\" data-name=\"names\"><input size=\"40\" class=\"wpcf7-form-control wpcf7-text wpcf7-validates-as-required\" aria-required=\"true\" aria-invalid=\"false\" placeholder=\"Name\" value=\"\" type=\"text\" name=\"names\" \/><\/span>\n\t\t\t\t<\/p>\n\t\t\t<\/div>\n\t\t<\/div>\n\t\t<div class=\"col-md-6\">\n\t\t\t<div class=\"form-element\">\n\t\t\t\t<p><span class=\"wpcf7-form-control-wrap\" data-name=\"email\"><input size=\"40\" class=\"wpcf7-form-control wpcf7-email wpcf7-validates-as-required wpcf7-text wpcf7-validates-as-email\" aria-required=\"true\" aria-invalid=\"false\" placeholder=\"E-mail\" value=\"\" type=\"email\" name=\"email\" \/><\/span>\n\t\t\t\t<\/p>\n\t\t\t<\/div>\n\t\t<\/div>\n\t\t<div class=\"col-md-6\">\n\t\t\t<div class=\"form-element\">\n\t\t\t\t<p><span class=\"wpcf7-form-control-wrap\" data-name=\"phone\"><input size=\"40\" class=\"wpcf7-form-control wpcf7-text wpcf7-validates-as-required\" aria-required=\"true\" aria-invalid=\"false\" placeholder=\"Telephone\" value=\"\" type=\"text\" name=\"phone\" \/><\/span>\n\t\t\t\t<\/p>\n\t\t\t<\/div>\n\t\t<\/div>\n\t\t<div class=\"col-md-6\">\n\t\t\t<div class=\"form-element\">\n\t\t\t\t<p><span class=\"wpcf7-form-control-wrap\" data-name=\"subject\"><input size=\"40\" class=\"wpcf7-form-control wpcf7-text wpcf7-validates-as-required\" aria-required=\"true\" aria-invalid=\"false\" placeholder=\"Subject\" value=\"\" type=\"text\" name=\"subject\" \/><\/span>\n\t\t\t\t<\/p>\n\t\t\t<\/div>\n\t\t<\/div>\n\t\t<div class=\"col-md-12\">\n\t\t\t<div class=\"form-element\">\n\t\t\t\t<p><span class=\"wpcf7-form-control-wrap\" data-name=\"comment\"><textarea cols=\"30\" rows=\"10\" class=\"wpcf7-form-control wpcf7-textarea wpcf7-validates-as-required\" aria-required=\"true\" aria-invalid=\"false\" placeholder=\"Message\" name=\"comment\"><\/textarea><\/span>\n\t\t\t\t<\/p>\n\t\t\t<\/div>\n\t\t<\/div>\n\t\t<div class=\"col-md-12\">\n\t\t\t<div class=\"form-element\">\n\t\t\t\t<p><input class=\"wpcf7-form-control wpcf7-submit has-spinner\" type=\"submit\" value=\"Send\" \/>\n\t\t\t\t<\/p>\n\t\t\t<\/div>\n\t\t<\/div>\n\t<\/div>\n<\/div><div class=\"wpcf7-response-output\" aria-hidden=\"true\"><\/div>\n<\/form>\n<\/div>\n\t                  <\/div>\n                   <!--  <div class=\"col-lg-6\"><div class=\"map-wrapper\"><iframe src=\"\" width=\"540\" height=\"524\" frameborder=\"0\" style=\"border:0;\" allowfullscreen=\"\"><\/iframe><\/div><\/div>  -->\n\t               <\/div>\n\t            <\/div>\n\t            <!--  contact form and map end  -->\n\t         <\/div>\n\t      <\/div>\n\t\t\t<\/div>\n\t\t\t\t<\/div>\n\t\t\t\t\t<\/div>\n\t\t<\/div>\n\t\t\t\t\t<\/div>\n\t\t<\/section>\n\t\t\t\t<\/div>\n\t\t","protected":false},"excerpt":{"rendered":"<p>Contact Us Home Page Contact Us OFFICE \u0130n\u00f6n\u00fc Mah. Muammer Aksoy Cad. Tilkici T\u0131r Tesisleri No:100\/C34295 Sefak\u00f6y\/ \u0130stanbul\/ T\u00fcrkiye 0 (212) 495 43 10 0 (212) 495 43 11 info@kozatrans.com WAREHOUSE H\u00fcrriyet Mah. \u00c7atalca Yolu Cad. Menek\u015fe Mevki No:422\/134537 B\u00fcy\u00fck\u00e7ekmece\/\u0130stanbul\/T\u00fcrkiye 0 (538) 440 54 44 Depo G\u00f6revlisi &#8211; Temel YILMAZ: 0 (532) 504 60 70 [&hellip;]<\/p>\n","protected":false},"author":1,"featured_media":0,"parent":0,"menu_order":0,"comment_status":"closed","ping_status":"closed","template":"page-templates\/home-3.php","meta":{"inline_featured_image":false,"footnotes":""},"class_list":["post-139","page","type-page","status-publish","hentry"],"_links":{"self":[{"href":"https:\/\/kozatrans.com\/en\/index.php?rest_route=\/wp\/v2\/pages\/139","targetHints":{"allow":["GET"]}}],"collection":[{"href":"https:\/\/kozatrans.com\/en\/index.php?rest_route=\/wp\/v2\/pages"}],"about":[{"href":"https:\/\/kozatrans.com\/en\/index.php?rest_route=\/wp\/v2\/types\/page"}],"author":[{"embeddable":true,"href":"https:\/\/kozatrans.com\/en\/index.php?rest_route=\/wp\/v2\/users\/1"}],"replies":[{"embeddable":true,"href":"https:\/\/kozatrans.com\/en\/index.php?rest_route=%2Fwp%2Fv2%2Fcomments&post=139"}],"version-history":[{"count":129,"href":"https:\/\/kozatrans.com\/en\/index.php?rest_route=\/wp\/v2\/pages\/139\/revisions"}],"predecessor-version":[{"id":1710,"href":"https:\/\/kozatrans.com\/en\/index.php?rest_route=\/wp\/v2\/pages\/139\/revisions\/1710"}],"wp:attachment":[{"href":"https:\/\/kozatrans.com\/en\/index.php?rest_route=%2Fwp%2Fv2%2Fmedia&parent=139"}],"curies":[{"name":"wp","href":"https:\/\/api.w.org\/{rel}","templated":true}]}}